{"id":4400,"date":"2021-10-12T15:51:09","date_gmt":"2021-10-12T15:51:09","guid":{"rendered":"http:\/\/dummy.xtemos.com\/woodmart2\/elementor\/?page_id=4400"},"modified":"2025-07-02T09:37:04","modified_gmt":"2025-07-02T09:37:04","slug":"o-nama","status":"publish","type":"page","link":"https:\/\/spotless-servis.hr\/praonica\/o-nama\/","title":{"rendered":"O nama"},"content":{"rendered":"\t\t<div data-elementor-type=\"wp-page\" data-elementor-id=\"4400\" class=\"elementor elementor-4400\" data-elementor-post-type=\"page\">\n\t\t\t\t<div class=\"wd-negative-gap elementor-element elementor-element-b14043d wd-section-stretch e-flex e-con-boxed e-con e-parent\" data-id=\"b14043d\" data-element_type=\"container\">\n\t\t\t\t\t<div class=\"e-con-inner\">\n\t\t<div class=\"elementor-element elementor-element-84769f9 e-con-full e-flex e-con e-child\" data-id=\"84769f9\" data-element_type=\"container\">\n\t\t<div class=\"elementor-element elementor-element-0e72a03 e-con-full e-flex e-con e-child\" data-id=\"0e72a03\" data-element_type=\"container\">\n\t\t\t\t<div class=\"elementor-element elementor-element-da8680c wd-width-100 elementor-widget elementor-widget-wd_title\" data-id=\"da8680c\" data-element_type=\"widget\" data-widget_type=\"wd_title.default\">\n\t\t\t\t<div class=\"elementor-widget-container\">\n\t\t\t\t\t\t\t<div class=\"title-wrapper wd-set-mb reset-last-child wd-title-color-primary wd-title-style-default wd-title-size-large text-left\">\n\n\t\t\t\n\t\t\t<div class=\"liner-continer\">\n\t\t\t\t<h4 class=\"woodmart-title-container title wd-fontsize-xxl\">SPOTLESS SERVIS<\/h4> \n\t\t\t\t\t\t\t<\/div>\n\n\t\t\t\t\t\t\t<div class=\"title-after_title reset-last-child wd-fontsize-s\">\n\t\t\t\t\t<p>Mi smo SPOTLESS SERVIS iz Zagreba i\u00a0<strong>bavimo se \u010di\u0161\u0107enjem i odr\u017eavanjem domova, te dubinskim \u010di\u0161\u0107enjem namje\u0161taja i vozila.<\/strong><\/p>\t\t\t\t<\/div>\n\t\t\t\t\t<\/div>\n\t\t\t\t\t\t<\/div>\n\t\t\t\t<\/div>\n\t\t\t\t<div class=\"elementor-element elementor-element-8641f2a elementor-widget elementor-widget-wd_text_block\" data-id=\"8641f2a\" data-element_type=\"widget\" data-widget_type=\"wd_text_block.default\">\n\t\t\t\t<div class=\"elementor-widget-container\">\n\t\t\t\t\t\t\t<div class=\"wd-text-block reset-last-child text-left\">\n\t\t\t\n\t\t\t<p dir=\"ltr\">Na tr\u017ei\u0161tu se pojavljujemo 2018 g. Svoje usluge sa sjedi\u0161tem u Zagrebu tako\u0111er nudimo i u Zagreba\u010dkoj te Krapinsko-zagorskoj \u017eupaniji.<\/p><p dir=\"ltr\">Na\u0161 za\u0161titni znak je integritet, diskrecija, prihva\u0107amo izazov,\u00a0<strong>stru\u010dnost je na\u0161a strast a iznad svega cijenimo profesionalnost.<\/strong>\u00a0Djelatnost usmjeravamo na\u00a0<strong>odr\u017eavanje i generalno \u010di\u0161\u0107enje domova, kao i dubinsko \u010di\u0161\u0107enje namje\u0161taja i vozila.<\/strong>\u00a0Povjerenje i kvalitetna komunikacija su klju\u010dni i neprocjenjivi u odnosima.\u00a0Trudimo se da ispunimo va\u0161e zamisli i zahtjeve, te da ostvarimo, ujedno i zadr\u017eimo va\u0161e zadovoljstvo.<\/p><p dir=\"ltr\"><strong>Na\u0161 cilj je jednostavan:<\/strong>\u00a0mi brinemo o Vama kako bi Vama osigurali neprocjenjivi trenutak slobodnog vremena, ili Vas oslobodili nepotrebnog stresa kako bi se Vi mogli posvetiti sebi i svojim bli\u017enjima. Stojimo vam na raspolaganju, na vama je samo da nas kontaktirate i da se uvjerite u sve prednosti i kvalitete koje posjedujemo.<\/p>\n\t\t\t\t\t<\/div>\n\t\t\t\t\t\t<\/div>\n\t\t\t\t<\/div>\n\t\t\t\t<\/div>\n\t\t\t\t<\/div>\n\t\t\t\t\t<\/div>\n\t\t\t\t<\/div>\n\t\t<div class=\"wd-negative-gap elementor-element elementor-element-813b5fc e-flex e-con-boxed e-con e-parent\" data-id=\"813b5fc\" data-element_type=\"container\">\n\t\t\t\t\t<div class=\"e-con-inner\">\n\t\t<div class=\"elementor-element elementor-element-a8c2480 e-con-full e-flex e-con e-child\" data-id=\"a8c2480\" data-element_type=\"container\">\n\t\t\t\t<div class=\"elementor-element elementor-element-8d433df elementor-widget elementor-widget-wd_image_or_svg\" data-id=\"8d433df\" data-element_type=\"widget\" data-widget_type=\"wd_image_or_svg.default\">\n\t\t\t\t<div class=\"elementor-widget-container\">\n\t\t\t\t\t\n\t\t<div class=\"wd-image text-left\">\n\t\t\t\t\t\t\t\t<img fetchpriority=\"high\" decoding=\"async\" width=\"1000\" height=\"700\" src=\"https:\/\/spotless-servis.hr\/praonica\/wp-content\/uploads\/2025\/05\/spotless-praonica_5-1000x700.jpg\" class=\"attachment-1000x700 size-1000x700\" alt=\"\" \/>\t\t\t\t\t<\/div>\n\n\t\t\t\t\t\t<\/div>\n\t\t\t\t<\/div>\n\t\t\t\t<\/div>\n\t\t<div class=\"elementor-element elementor-element-45e1a1e e-con-full e-flex e-con e-child\" data-id=\"45e1a1e\" data-element_type=\"container\">\n\t\t\t\t<div class=\"elementor-element elementor-element-0725c3b elementor-hidden-tablet elementor-hidden-mobile elementor-widget elementor-widget-wd_image_or_svg\" data-id=\"0725c3b\" data-element_type=\"widget\" data-widget_type=\"wd_image_or_svg.default\">\n\t\t\t\t<div class=\"elementor-widget-container\">\n\t\t\t\t\t\n\t\t<div class=\"wd-image text-left\">\n\t\t\t\t\t\t\t\t<img decoding=\"async\" width=\"1000\" height=\"700\" src=\"https:\/\/spotless-servis.hr\/praonica\/wp-content\/uploads\/2025\/05\/spotless-praonica-e1746599700405-1000x700.jpg\" class=\"attachment-1000x700 size-1000x700\" alt=\"\" \/>\t\t\t\t\t<\/div>\n\n\t\t\t\t\t\t<\/div>\n\t\t\t\t<\/div>\n\t\t\t\t<\/div>\n\t\t\t\t\t<\/div>\n\t\t\t\t<\/div>\n\t\t\t\t<\/div>\n\t\t","protected":false},"excerpt":{"rendered":"<p>SPOTLESS SERVIS Mi smo SPOTLESS SERVIS iz Zagreba i\u00a0bavimo se \u010di\u0161\u0107enjem i odr\u017eavanjem domova, te dubinskim \u010di\u0161\u0107enjem namje\u0161taja i vozila.<\/p>\n","protected":false},"author":1,"featured_media":0,"parent":0,"menu_order":0,"comment_status":"closed","ping_status":"closed","template":"","meta":{"footnotes":""},"class_list":["post-4400","page","type-page","status-publish","hentry"],"_links":{"self":[{"href":"https:\/\/spotless-servis.hr\/praonica\/wp-json\/wp\/v2\/pages\/4400","targetHints":{"allow":["GET"]}}],"collection":[{"href":"https:\/\/spotless-servis.hr\/praonica\/wp-json\/wp\/v2\/pages"}],"about":[{"href":"https:\/\/spotless-servis.hr\/praonica\/wp-json\/wp\/v2\/types\/page"}],"author":[{"embeddable":true,"href":"https:\/\/spotless-servis.hr\/praonica\/wp-json\/wp\/v2\/users\/1"}],"replies":[{"embeddable":true,"href":"https:\/\/spotless-servis.hr\/praonica\/wp-json\/wp\/v2\/comments?post=4400"}],"version-history":[{"count":14,"href":"https:\/\/spotless-servis.hr\/praonica\/wp-json\/wp\/v2\/pages\/4400\/revisions"}],"predecessor-version":[{"id":16050,"href":"https:\/\/spotless-servis.hr\/praonica\/wp-json\/wp\/v2\/pages\/4400\/revisions\/16050"}],"wp:attachment":[{"href":"https:\/\/spotless-servis.hr\/praonica\/wp-json\/wp\/v2\/media?parent=4400"}],"curies":[{"name":"wp","href":"https:\/\/api.w.org\/{rel}","templated":true}]}}